{"id":191,"date":"2019-02-21T20:48:37","date_gmt":"2019-02-21T19:48:37","guid":{"rendered":"http:\/\/kds-nano.de\/wordpress\/?post_type=product&#038;p=191"},"modified":"2019-04-18T14:31:26","modified_gmt":"2019-04-18T12:31:26","slug":"sonoff-4ch-pro","status":"publish","type":"product","link":"http:\/\/kds-nano.de\/wordpress\/produkt\/sonoff-4ch-pro\/","title":{"rendered":"Sonoff 4ch pro R2"},"content":{"rendered":"<p>Sie erhalten einen neuwertigen Sonoff 4-channel pro R2 mit aktueller Tasmota-Firmware.<\/p>\n<p>433MHz RF, WiFi. Jeder Taster l\u00e4sst sich ohne weiteres Equipment direkt mit Alexa schalten. Selbst- und gegenseitige Verriegelung oder als normaler Schalter. F\u00fcr DIN-Hutschiene.<\/p>\n<p>Dieser 4-channel-Schalter ist \u00e4u\u00dferst vielseitig einsetzbar. In Kombination mit 433MHz-Funkschaltern l\u00e4sst er sich z.B. optimal zum schalten von Einbauspots verwenden. Durch seine potentialfreien Ausg\u00e4nge auch f\u00fcr 12V-Systeme o.a.<br \/>\nEbenso kann man jeden Ausgang einzeln als Taster umstellen. Auch in Wechsel- oder Keuzschaltungen l\u00e4sst er sich problemlos einbinden.<\/p>\n<p>Sie haben mit dieser Software den Vorteil, da\u00df sie nicht auf den oft ausfallenden Server in Fernost angewiesen sind, mit dem die urspr\u00fcngliche Software l\u00e4uft, sondern sich alles problemlos \u00fcber ihr WLAN abspielt. Au\u00dferdem l\u00e4sst sich TASMOTA wunderbar mit FHEM oder ioBroker nutzen, was sie als Zentrale f\u00fcr ihr smart-home einrichten k\u00f6nnen.<\/p>\n<p>Ein smartes Home kostet viel Geld? Das war einmal. Heute k\u00f6nnen sie ihr Heim mit ein paar hundert Euro nachr\u00fcsten &#8211; und das ohne W\u00e4nde aufzureissen und Strippen zu ziehen!<br \/>\nSie m\u00f6chten ihre Heizung smart steuern &#8211; auch von fern per Handy? Ihre Rolll\u00e4den automatisch bei Sonne schliessen? Schauen, ob alle T\u00fcren und Fenster zu sind? Ihren Stromverbrauch f\u00fcr einzelne Objekte im \u00dcberblick haben?<\/p>\n<p>Es gibt viele M\u00f6glichkeiten &#8211; reden sie mit uns! Wir erstellen gern ein Angebot f\u00fcr ihr komplettes Heim!<\/p>\n<p>Die Firmware wird aufgespielt und somit mitgeliefert, steht aber unter GPL-3.0 und ist daher nicht Verkaufsgegenstand. Weitere Informationen finden sie bei github unter Tasmota.<\/p>\n","protected":false},"excerpt":{"rendered":"<p>Sonoff 4-channel pro R2 mit aktueller Tasmota-Firmware<\/p>\n","protected":false},"featured_media":208,"comment_status":"open","ping_status":"closed","template":"","meta":{"_bbp_topic_count":0,"_bbp_reply_count":0,"_bbp_total_topic_count":0,"_bbp_total_reply_count":0,"_bbp_voice_count":0,"_bbp_anonymous_reply_count":0,"_bbp_topic_count_hidden":0,"_bbp_reply_count_hidden":0,"_bbp_forum_subforum_count":0,"jetpack_post_was_ever_published":false,"jetpack_publicize_message":"","jetpack_is_tweetstorm":false,"jetpack_publicize_feature_enabled":true,"jetpack_social_post_already_shared":true,"jetpack_social_options":{"image_generator_settings":{"template":"highway","enabled":false}}},"jetpack_publicize_connections":[],"jetpack_sharing_enabled":true,"_links":{"self":[{"href":"http:\/\/kds-nano.de\/wordpress\/wp-json\/wp\/v2\/product\/191"}],"collection":[{"href":"http:\/\/kds-nano.de\/wordpress\/wp-json\/wp\/v2\/product"}],"about":[{"href":"http:\/\/kds-nano.de\/wordpress\/wp-json\/wp\/v2\/types\/product"}],"replies":[{"embeddable":true,"href":"http:\/\/kds-nano.de\/wordpress\/wp-json\/wp\/v2\/comments?post=191"}],"wp:featuredmedia":[{"embeddable":true,"href":"http:\/\/kds-nano.de\/wordpress\/wp-json\/wp\/v2\/media\/208"}],"wp:attachment":[{"href":"http:\/\/kds-nano.de\/wordpress\/wp-json\/wp\/v2\/media?parent=191"}],"curies":[{"name":"wp","href":"https:\/\/api.w.org\/{rel}","templated":true}]}}