{"id":202,"date":"2019-02-24T15:09:42","date_gmt":"2019-02-24T14:09:42","guid":{"rendered":"http:\/\/kds-nano.de\/wordpress\/?post_type=product&#038;p=202"},"modified":"2019-10-06T13:56:09","modified_gmt":"2019-10-06T11:56:09","slug":"shelly-rgbw-2","status":"publish","type":"product","link":"http:\/\/kds-nano.de\/wordpress\/produkt\/shelly-rgbw-2\/","title":{"rendered":"Shelly RGBW 2"},"content":{"rendered":"<div id=\"ds_div\">\n<p><span style=\"font-size: large;\">Sie erhalten einen Shelly RGBW2 mit aktueller Tasmota-Firmware<\/span><\/p>\n<div><span style=\"font-size: large;\">\u00a0<\/span><\/div>\n<div><span style=\"font-size: large;\">Technische Daten:<\/span><\/div>\n<div>\n<ul>\n<li><span style=\"font-size: large;\">DC Power Input 12-24V<\/span><\/li>\n<li><span style=\"font-size: large;\">DC Power Output 12V<br \/>\n144W \u2013 combined power<br \/>\n45W \u2013 per channel<\/span><\/li>\n<li><span style=\"font-size: large;\">DC Power Output 24V<br \/>\n288W \u2013 combined power<br \/>\n90W \u2013 per channel<\/span><\/li>\n<li class=\"font_2\"><span style=\"font-size: large;\">Support any 12v or 24v White, RGB, RGBW led strips and 12\/24v led bulbs, with up to 288W combined power<\/span><\/li>\n<li class=\"font_2\"><span style=\"font-size: large;\">Support 4 ways PWM, applied to control 4 colors LED(R\/G\/B\/W), meet a requirement for colored lights, color temperature lights, and general lights<\/span><\/li>\n<li><span style=\"font-size: large;\">Support On\/Off and dimming function<\/span><\/li>\n<\/ul>\n<div><span style=\"font-family: Roboto Condensed; font-size: large;\">\u00a0<\/span><\/div>\n<div>\n<div id=\"ds_div\">\n<div><span style=\"font-size: x-large;\">Sie haben mit dieser Software den Vorteil, da\u00df sich alles problemlos \u00fcber ihr WLAN abspielt. Au\u00dferdem l\u00e4sst sich TASMOTA wunderbar mit FHEM oder ioBroker nutzen, was sie als Zentrale f\u00fcr ihr smart-home einrichten k\u00f6nnen.<\/span><\/div>\n<div><span style=\"font-size: x-large;\">\u00a0<\/span><\/div>\n<div><b><span style=\"font-size: x-large;\">Ein smartes Home kostet viel Geld? Das war einmal. Heute k\u00f6nnen sie ihr Heim mit ein paar hundert Euro nachr\u00fcsten &#8211; und das ohne W\u00e4nde aufzureissen und Strippen zu ziehen!<\/span><\/b><\/div>\n<div><b><span style=\"font-size: x-large;\">Sie m\u00f6chten ihre Heizung smart steuern &#8211; auch von fern per Handy? Ihre Rolll\u00e4den automatisch bei Sonne schliessen? Schauen, ob alle T\u00fcren und Fenster zu sind? Ihren Stromverbrauch f\u00fcr einzelne Objekte im \u00dcberblick haben? Sie m\u00f6chten ihr Haus \u00fcber ihr Tablet steuern?<\/span><\/b><\/div>\n<div><b><span style=\"font-size: x-large;\">\u00a0<\/span><\/b><\/div>\n<div><b><span style=\"font-size: x-large;\">Es gibt viele M\u00f6glichkeiten &#8211; reden sie mit uns! Wir erstellen gern ein Angebot f\u00fcr ihr komplettes Heim!<\/span><\/b><\/div>\n<div><\/div>\n<div>Die Firmware wird aufgespielt und somit mitgeliefert, steht aber unter GPL-3.0 und ist daher nicht Verkaufsgegenstand. Weitere Informationen finden sie bei github unter Tasmota.<\/div>\n<\/div>\n<\/div>\n<\/div>\n<\/div>\n","protected":false},"excerpt":{"rendered":"<p>Shelly RGBW 2 LED-Dimmer 12-24V mit aktueller Tasmota-Firmwa<wbr \/>re<\/p>\n","protected":false},"featured_media":204,"comment_status":"open","ping_status":"closed","template":"","meta":{"_bbp_topic_count":0,"_bbp_reply_count":0,"_bbp_total_topic_count":0,"_bbp_total_reply_count":0,"_bbp_voice_count":0,"_bbp_anonymous_reply_count":0,"_bbp_topic_count_hidden":0,"_bbp_reply_count_hidden":0,"_bbp_forum_subforum_count":0,"jetpack_post_was_ever_published":false,"jetpack_publicize_message":"","jetpack_is_tweetstorm":false,"jetpack_publicize_feature_enabled":true,"jetpack_social_post_already_shared":true,"jetpack_social_options":{"image_generator_settings":{"template":"highway","enabled":false}}},"jetpack_publicize_connections":[],"jetpack_sharing_enabled":true,"_links":{"self":[{"href":"http:\/\/kds-nano.de\/wordpress\/wp-json\/wp\/v2\/product\/202"}],"collection":[{"href":"http:\/\/kds-nano.de\/wordpress\/wp-json\/wp\/v2\/product"}],"about":[{"href":"http:\/\/kds-nano.de\/wordpress\/wp-json\/wp\/v2\/types\/product"}],"replies":[{"embeddable":true,"href":"http:\/\/kds-nano.de\/wordpress\/wp-json\/wp\/v2\/comments?post=202"}],"wp:featuredmedia":[{"embeddable":true,"href":"http:\/\/kds-nano.de\/wordpress\/wp-json\/wp\/v2\/media\/204"}],"wp:attachment":[{"href":"http:\/\/kds-nano.de\/wordpress\/wp-json\/wp\/v2\/media?parent=202"}],"curies":[{"name":"wp","href":"https:\/\/api.w.org\/{rel}","templated":true}]}}