{"id":224,"date":"2019-02-24T16:03:14","date_gmt":"2019-02-24T15:03:14","guid":{"rendered":"http:\/\/kds-nano.de\/wordpress\/?post_type=product&#038;p=224"},"modified":"2019-03-10T19:47:27","modified_gmt":"2019-03-10T18:47:27","slug":"ringradiator-gbs109a","status":"publish","type":"product","link":"http:\/\/kds-nano.de\/wordpress\/produkt\/ringradiator-gbs109a\/","title":{"rendered":"Ringradiator GBS109a"},"content":{"rendered":"<p>Sie erhalten einen Ringradiator GBS109a.<\/p>\n<div><\/div>\n<div>Dieser Hocht\u00f6ner bietet exzellente H\u00f6hen bis 22kHz! Kein Vergleich zu anderen Hocht\u00f6nern mit Kalotte o.\u00e4.<\/div>\n<div>Wenn sie echtes Hifi-Feeling erleben m\u00f6chten, kommen sie beim Bau ihrer neuen Boxen nicht um einen Ringradiator herum.<\/div>\n<div>\u00a0Einsetzbar in Systemen bis 150W.<\/div>\n<div><\/div>\n<div>\n<h3>GBS 109A Tweeter<\/h3>\n<h4>Beschreibung<\/h4>\n<div>\n<h4>Features:<\/h4>\n<div class=\"paragraph\">\n<ul>\n<li>Schalldruck: (gemessene) 106 dB bei 1W\/1m<\/li>\n<li>Belastbarkeit 20 Watt RMS (3.5 kHz &#8211; 12 dB Flanke)<\/li>\n<li>im System bis 150 Watt<\/li>\n<li>Ausf\u00fchrung: 8 Ohm<\/li>\n<li>Gewicht: 0,6 kg<\/li>\n<li>Durchmesser: 98 mm<\/li>\n<li>Einbau: 82 mm<\/li>\n<li>Bauh\u00f6he: 70 mm<\/li>\n<li>Frequenzgang: 3000 &#8211; 22.000 Hz<\/li>\n<\/ul>\n<\/div>\n<h4>Technische Daten:<\/h4>\n<div class=\"paragraph\">\n<ul>\n<li>Normal Impedance: 8 Ohm<\/li>\n<li>Reproduction Frequency: 3000 \u2013 22.000 Hz<\/li>\n<li>Power RMS: 20 W<\/li>\n<li>Power System: 150 W<\/li>\n<li>Recommended Crossover: 3.5 kHz or Higher (12dB\/oct.minimum)<\/li>\n<li>Net Weight: 0.6 kg<\/li>\n<li>Equivalent Diaphram Radius: 1 in (25.4mm)<\/li>\n<li>Diaphragma Material: Titan<\/li>\n<\/ul>\n<\/div>\n<\/div>\n<\/div>\n","protected":false},"excerpt":{"rendered":"<p>Ringradiator GBS109a<\/p>\n","protected":false},"featured_media":223,"comment_status":"open","ping_status":"closed","template":"","meta":{"_bbp_topic_count":0,"_bbp_reply_count":0,"_bbp_total_topic_count":0,"_bbp_total_reply_count":0,"_bbp_voice_count":0,"_bbp_anonymous_reply_count":0,"_bbp_topic_count_hidden":0,"_bbp_reply_count_hidden":0,"_bbp_forum_subforum_count":0,"jetpack_post_was_ever_published":false,"jetpack_publicize_message":"","jetpack_is_tweetstorm":false,"jetpack_publicize_feature_enabled":true,"jetpack_social_post_already_shared":true,"jetpack_social_options":{"image_generator_settings":{"template":"highway","enabled":false}}},"jetpack_publicize_connections":[],"jetpack_sharing_enabled":true,"_links":{"self":[{"href":"http:\/\/kds-nano.de\/wordpress\/wp-json\/wp\/v2\/product\/224"}],"collection":[{"href":"http:\/\/kds-nano.de\/wordpress\/wp-json\/wp\/v2\/product"}],"about":[{"href":"http:\/\/kds-nano.de\/wordpress\/wp-json\/wp\/v2\/types\/product"}],"replies":[{"embeddable":true,"href":"http:\/\/kds-nano.de\/wordpress\/wp-json\/wp\/v2\/comments?post=224"}],"wp:featuredmedia":[{"embeddable":true,"href":"http:\/\/kds-nano.de\/wordpress\/wp-json\/wp\/v2\/media\/223"}],"wp:attachment":[{"href":"http:\/\/kds-nano.de\/wordpress\/wp-json\/wp\/v2\/media?parent=224"}],"curies":[{"name":"wp","href":"https:\/\/api.w.org\/{rel}","templated":true}]}}