{"id":225,"date":"2019-02-24T16:10:47","date_gmt":"2019-02-24T15:10:47","guid":{"rendered":"http:\/\/kds-nano.de\/wordpress\/?post_type=product&#038;p=225"},"modified":"2019-06-12T08:20:12","modified_gmt":"2019-06-12T06:20:12","slug":"wifi-rgbw-led-dimmer","status":"publish","type":"product","link":"http:\/\/kds-nano.de\/wordpress\/produkt\/wifi-rgbw-led-dimmer\/","title":{"rendered":"Wifi RGBW LED-Dimmer"},"content":{"rendered":"<p>Sie erhalten einen neuwertigen WIFI &#8211; 5-12V LED-Dimmer mit TASMOTA-Firmware.<br \/>\nF\u00fcr CCT: Kan\u00e4le direkt \u00fcber Alexa und iobroker dimm-\/steuerbar, Desgleichen f\u00fcr RGB oder RGBW.<br \/>\nF\u00fcr WS2812b: ebenfalls direkt ansteuerbar.<br \/>\nBei Scripts helfe ich gerne weiter<\/p>\n<p>Wenn sie mehrere ben\u00f6tigen, teilen sie mir das bitte mit.<\/p>\n<p>Ein smartes Home kostet viel Geld? Das war einmal. Heute k\u00f6nnen sie ihr Heim mit ein paar hundert Euro nachr\u00fcsten \u2013 und das ohne W\u00e4nde aufzureissen und Strippen zu ziehen!<br \/>\nSie m\u00f6chten ihre Heizung smart steuern \u2013 auch von fern per Handy? Ihre Rolll\u00e4den automatisch bei Sonne schliessen? Schauen, ob alle T\u00fcren und Fenster zu sind? Ihren Stromverbrauch f\u00fcr einzelne Objekte im \u00dcberblick haben?<\/p>\n<p>Es gibt viele M\u00f6glichkeiten \u2013 reden sie mit uns! Wir erstellen gern ein Angebot f\u00fcr ihr komplettes Heim!<\/p>\n<p>&nbsp;<\/p>\n<p><strong>Die Firmware wird aufgespielt und somit mitgeliefert, steht aber unter GPL-3.0 und ist daher nicht Verkaufsgegenstand. Weitere Informationen finden sie bei github unter Tasmota.<\/strong><\/p>\n","protected":false},"excerpt":{"rendered":"<p>5-12V Wifi RGBW LED-Strip Dimmer mit TASMOTA f\u00fcr Alexa &amp; Co.!<\/p>\n","protected":false},"featured_media":226,"comment_status":"open","ping_status":"closed","template":"","meta":{"_bbp_topic_count":0,"_bbp_reply_count":0,"_bbp_total_topic_count":0,"_bbp_total_reply_count":0,"_bbp_voice_count":0,"_bbp_anonymous_reply_count":0,"_bbp_topic_count_hidden":0,"_bbp_reply_count_hidden":0,"_bbp_forum_subforum_count":0,"jetpack_post_was_ever_published":false,"jetpack_publicize_message":"","jetpack_is_tweetstorm":false,"jetpack_publicize_feature_enabled":true,"jetpack_social_post_already_shared":true,"jetpack_social_options":{"image_generator_settings":{"template":"highway","enabled":false}}},"jetpack_publicize_connections":[],"jetpack_sharing_enabled":true,"_links":{"self":[{"href":"http:\/\/kds-nano.de\/wordpress\/wp-json\/wp\/v2\/product\/225"}],"collection":[{"href":"http:\/\/kds-nano.de\/wordpress\/wp-json\/wp\/v2\/product"}],"about":[{"href":"http:\/\/kds-nano.de\/wordpress\/wp-json\/wp\/v2\/types\/product"}],"replies":[{"embeddable":true,"href":"http:\/\/kds-nano.de\/wordpress\/wp-json\/wp\/v2\/comments?post=225"}],"wp:featuredmedia":[{"embeddable":true,"href":"http:\/\/kds-nano.de\/wordpress\/wp-json\/wp\/v2\/media\/226"}],"wp:attachment":[{"href":"http:\/\/kds-nano.de\/wordpress\/wp-json\/wp\/v2\/media?parent=225"}],"curies":[{"name":"wp","href":"https:\/\/api.w.org\/{rel}","templated":true}]}}