{"id":229,"date":"2019-02-24T16:22:34","date_gmt":"2019-02-24T15:22:34","guid":{"rendered":"http:\/\/kds-nano.de\/wordpress\/?post_type=product&#038;p=229"},"modified":"2019-03-10T19:46:13","modified_gmt":"2019-03-10T18:46:13","slug":"433mhz-tuer-und-fensterkonakt-sonoff","status":"publish","type":"product","link":"http:\/\/kds-nano.de\/wordpress\/produkt\/433mhz-tuer-und-fensterkonakt-sonoff\/","title":{"rendered":"433MHz T\u00fcr- und Fensterkonakt Sonoff"},"content":{"rendered":"<p>433MHz T\u00fcr und Fensterkontakt von und f\u00fcr Sonoff.<\/p>\n<p>&nbsp;<\/p>\n<p>Schalten sie damit \u00fcber RF-Bridge, 4Ch Pro, Sonoff RF oder T1. Sendet kodiertes Signal.<\/p>\n","protected":false},"excerpt":{"rendered":"<p>433MHz T\u00fcr- und Fensterkonakt Sonoff<\/p>\n","protected":false},"featured_media":230,"comment_status":"open","ping_status":"closed","template":"","meta":{"_bbp_topic_count":0,"_bbp_reply_count":0,"_bbp_total_topic_count":0,"_bbp_total_reply_count":0,"_bbp_voice_count":0,"_bbp_anonymous_reply_count":0,"_bbp_topic_count_hidden":0,"_bbp_reply_count_hidden":0,"_bbp_forum_subforum_count":0,"jetpack_post_was_ever_published":false,"jetpack_publicize_message":"","jetpack_is_tweetstorm":false,"jetpack_publicize_feature_enabled":true,"jetpack_social_post_already_shared":true,"jetpack_social_options":{"image_generator_settings":{"template":"highway","enabled":false}}},"jetpack_publicize_connections":[],"jetpack_sharing_enabled":true,"_links":{"self":[{"href":"http:\/\/kds-nano.de\/wordpress\/wp-json\/wp\/v2\/product\/229"}],"collection":[{"href":"http:\/\/kds-nano.de\/wordpress\/wp-json\/wp\/v2\/product"}],"about":[{"href":"http:\/\/kds-nano.de\/wordpress\/wp-json\/wp\/v2\/types\/product"}],"replies":[{"embeddable":true,"href":"http:\/\/kds-nano.de\/wordpress\/wp-json\/wp\/v2\/comments?post=229"}],"wp:featuredmedia":[{"embeddable":true,"href":"http:\/\/kds-nano.de\/wordpress\/wp-json\/wp\/v2\/media\/230"}],"wp:attachment":[{"href":"http:\/\/kds-nano.de\/wordpress\/wp-json\/wp\/v2\/media?parent=229"}],"curies":[{"name":"wp","href":"https:\/\/api.w.org\/{rel}","templated":true}]}}