{"id":247,"date":"2019-02-24T16:54:01","date_gmt":"2019-02-24T15:54:01","guid":{"rendered":"http:\/\/kds-nano.de\/wordpress\/?post_type=product&#038;p=247"},"modified":"2019-02-24T16:55:21","modified_gmt":"2019-02-24T15:55:21","slug":"sonoff-t433-1-gang-wandplatte","status":"publish","type":"product","link":"http:\/\/kds-nano.de\/wordpress\/produkt\/sonoff-t433-1-gang-wandplatte\/","title":{"rendered":"SONOFF T433 1-Gang Wandplatte"},"content":{"rendered":"<p><span style=\"font-size: x-large;\">433MHz Fernbedienung 1-Gang in passendem Design zu Sonoff-Schaltern.<\/span><\/p>\n<div><span style=\"font-size: x-large;\"><br \/>\nMit dieser k\u00f6nnen sie z.B. T1, 4ch Pro, Basic RF oder RF Bridge schalten. Sehr praktisch als T\u00fcrklingel oder Ersatz f\u00fcr Kreuz-\/Wechselschalter in Kombination mit T1 einsetzbar. L\u00e4sst sich dank minimalstem Stromverbrauch mit Lithiumbatterien \u00fcberall flach anbringen.<br \/>\nAuch als Nachttischschalter nutzbar oder steuern sie ihr Licht mobil im Haus damit.<br \/>\nGute Reichweite in Geb\u00e4uden. Geht gut 10m durch mehrere W\u00e4nde (getestet).<\/span><\/div>\n","protected":false},"excerpt":{"rendered":"<p>SONOFF T433 1-Gang Wandplatte 433MHz Wireless RF Fernbedienung, Sender<\/p>\n","protected":false},"featured_media":248,"comment_status":"open","ping_status":"closed","template":"","meta":{"_bbp_topic_count":0,"_bbp_reply_count":0,"_bbp_total_topic_count":0,"_bbp_total_reply_count":0,"_bbp_voice_count":0,"_bbp_anonymous_reply_count":0,"_bbp_topic_count_hidden":0,"_bbp_reply_count_hidden":0,"_bbp_forum_subforum_count":0,"jetpack_post_was_ever_published":false,"jetpack_publicize_message":"","jetpack_is_tweetstorm":false,"jetpack_publicize_feature_enabled":true,"jetpack_social_post_already_shared":true,"jetpack_social_options":{"image_generator_settings":{"template":"highway","enabled":false}}},"jetpack_publicize_connections":[],"jetpack_sharing_enabled":true,"_links":{"self":[{"href":"http:\/\/kds-nano.de\/wordpress\/wp-json\/wp\/v2\/product\/247"}],"collection":[{"href":"http:\/\/kds-nano.de\/wordpress\/wp-json\/wp\/v2\/product"}],"about":[{"href":"http:\/\/kds-nano.de\/wordpress\/wp-json\/wp\/v2\/types\/product"}],"replies":[{"embeddable":true,"href":"http:\/\/kds-nano.de\/wordpress\/wp-json\/wp\/v2\/comments?post=247"}],"wp:featuredmedia":[{"embeddable":true,"href":"http:\/\/kds-nano.de\/wordpress\/wp-json\/wp\/v2\/media\/248"}],"wp:attachment":[{"href":"http:\/\/kds-nano.de\/wordpress\/wp-json\/wp\/v2\/media?parent=247"}],"curies":[{"name":"wp","href":"https:\/\/api.w.org\/{rel}","templated":true}]}}