{"id":257,"date":"2019-02-24T17:14:17","date_gmt":"2019-02-24T16:14:17","guid":{"rendered":"http:\/\/kds-nano.de\/wordpress\/?post_type=product&#038;p=257"},"modified":"2019-03-10T19:33:21","modified_gmt":"2019-03-10T18:33:21","slug":"sonoff-pow-r2-mit-tasmota","status":"publish","type":"product","link":"http:\/\/kds-nano.de\/wordpress\/produkt\/sonoff-pow-r2-mit-tasmota\/","title":{"rendered":"Sonoff POW R2 mit TASMOTA"},"content":{"rendered":"<p><span style=\"font-size: x-large;\">Sie erhalten einen neuwertigen Sonoff POW R2 mit aktueller Tasmota-Firmware.<\/span><\/p>\n<div><span style=\"font-size: x-large;\">\u00a0<\/span><\/div>\n<div><b><span style=\"font-size: x-large;\">Ein smartes Home kostet viel Geld? Das war einmal. Heute k\u00f6nnen sie ihr Heim mit ein paar hundert Euro nachr\u00fcsten &#8211; und das ohne W\u00e4nde aufzureissen und Strippen zu ziehen!<\/span><\/b><\/div>\n<div><b><span style=\"font-size: x-large;\">Sie m\u00f6chten ihre Heizung smart steuern &#8211; auch von fern per Handy? Ihre Rolll\u00e4den automatisch bei Sonne schliessen? Schauen, ob alle T\u00fcren und Fenster zu sind? Ihren Stromverbrauch f\u00fcr einzelne Objekte im \u00dcberblick haben?<\/span><\/b><\/div>\n<div><b><span style=\"font-size: x-large;\">\u00a0<\/span><\/b><\/div>\n<div><b><span style=\"font-size: x-large;\">Es gibt viele M\u00f6glichkeiten &#8211; reden sie mit uns! Wir erstellen gern ein Angebot f\u00fcr ihr komplettes Heim!<\/span><\/b><\/div>\n<div><b><span style=\"font-size: x-large;\">\u00a0<\/span><\/b><\/div>\n<div>Die Firmware wird aufgespielt und somit mitgeliefert, steht aber unter GPL-3.0 und ist daher nicht Verkaufsgegenstand. Weitere Informationen finden sie bei github unter Tasmota.<\/div>\n","protected":false},"excerpt":{"rendered":"<p>Sonoff POW R2 mit TASMOTA Firmware, Alexa kompatibel<\/p>\n","protected":false},"featured_media":258,"comment_status":"open","ping_status":"closed","template":"","meta":{"_bbp_topic_count":0,"_bbp_reply_count":0,"_bbp_total_topic_count":0,"_bbp_total_reply_count":0,"_bbp_voice_count":0,"_bbp_anonymous_reply_count":0,"_bbp_topic_count_hidden":0,"_bbp_reply_count_hidden":0,"_bbp_forum_subforum_count":0,"jetpack_post_was_ever_published":false,"jetpack_publicize_message":"","jetpack_is_tweetstorm":false,"jetpack_publicize_feature_enabled":true,"jetpack_social_post_already_shared":true,"jetpack_social_options":{"image_generator_settings":{"template":"highway","enabled":false}}},"jetpack_publicize_connections":[],"jetpack_sharing_enabled":true,"_links":{"self":[{"href":"http:\/\/kds-nano.de\/wordpress\/wp-json\/wp\/v2\/product\/257"}],"collection":[{"href":"http:\/\/kds-nano.de\/wordpress\/wp-json\/wp\/v2\/product"}],"about":[{"href":"http:\/\/kds-nano.de\/wordpress\/wp-json\/wp\/v2\/types\/product"}],"replies":[{"embeddable":true,"href":"http:\/\/kds-nano.de\/wordpress\/wp-json\/wp\/v2\/comments?post=257"}],"wp:featuredmedia":[{"embeddable":true,"href":"http:\/\/kds-nano.de\/wordpress\/wp-json\/wp\/v2\/media\/258"}],"wp:attachment":[{"href":"http:\/\/kds-nano.de\/wordpress\/wp-json\/wp\/v2\/media?parent=257"}],"curies":[{"name":"wp","href":"https:\/\/api.w.org\/{rel}","templated":true}]}}