{"id":297,"date":"2019-04-16T14:41:59","date_gmt":"2019-04-16T12:41:59","guid":{"rendered":"http:\/\/kds-nano.de\/wordpress\/?post_type=product&#038;p=297"},"modified":"2019-04-16T14:42:51","modified_gmt":"2019-04-16T12:42:51","slug":"433mhz-3gang-wandplatte-schwarz","status":"publish","type":"product","link":"http:\/\/kds-nano.de\/wordpress\/produkt\/433mhz-3gang-wandplatte-schwarz\/","title":{"rendered":"433MHz 3gang Wandplatte schwarz"},"content":{"rendered":"<p><span style=\"font-size: large;\"><span style=\"font-size: x-large;\">433MHz Fernbedienung 3gang passend zu Sonoff-Schaltern, RF-Bridge u.a. in schwarz.<\/span><\/span><\/p>\n<div><span style=\"color: #535353; font-family: Helvetica Neue, Helvetica, Arial, sans-serif; font-size: x-large;\">\u00a0<\/span><\/div>\n<div><span style=\"color: #535353; font-family: Helvetica Neue, Helvetica, Arial, sans-serif; font-size: x-large;\">In diesem Design auch als 2gang und 1gang erh\u00e4ltlich &#8211; bitte anfragen!<br \/>\n<\/span><\/p>\n<div><span style=\"font-size: x-large;\"><br \/>\nMit dieser k\u00f6nnen sie z.B. T1, 4ch Pro, Basic RF oder RF Bridge schalten. Sehr praktisch als T\u00fcrklingel oder Ersatz f\u00fcr Kreuz-\/Wechselschalter in Kombination mit T1 einsetzbar. L\u00e4sst sich dank minimalstem Stromverbrauch mit Lithiumbatterien \u00fcberall flach anbringen.<br \/>\nAuch als Nachttischschalter nutzbar oder steuern sie ihr Licht mobil im Haus damit.<br \/>\nGute Reichweite in Geb\u00e4uden. Geht gut 10m durch mehrere W\u00e4nde (getestet).<\/span><\/div>\n<\/div>\n","protected":false},"excerpt":{"rendered":"<p>433MHz 2gang Wandplatte Wireless RF Fernbedienung, Sender schwarz<\/p>\n","protected":false},"featured_media":296,"comment_status":"open","ping_status":"closed","template":"","meta":{"_bbp_topic_count":0,"_bbp_reply_count":0,"_bbp_total_topic_count":0,"_bbp_total_reply_count":0,"_bbp_voice_count":0,"_bbp_anonymous_reply_count":0,"_bbp_topic_count_hidden":0,"_bbp_reply_count_hidden":0,"_bbp_forum_subforum_count":0,"jetpack_post_was_ever_published":false,"jetpack_publicize_message":"","jetpack_is_tweetstorm":false,"jetpack_publicize_feature_enabled":true,"jetpack_social_post_already_shared":true,"jetpack_social_options":{"image_generator_settings":{"template":"highway","enabled":false}}},"jetpack_publicize_connections":[],"jetpack_sharing_enabled":true,"_links":{"self":[{"href":"http:\/\/kds-nano.de\/wordpress\/wp-json\/wp\/v2\/product\/297"}],"collection":[{"href":"http:\/\/kds-nano.de\/wordpress\/wp-json\/wp\/v2\/product"}],"about":[{"href":"http:\/\/kds-nano.de\/wordpress\/wp-json\/wp\/v2\/types\/product"}],"replies":[{"embeddable":true,"href":"http:\/\/kds-nano.de\/wordpress\/wp-json\/wp\/v2\/comments?post=297"}],"wp:featuredmedia":[{"embeddable":true,"href":"http:\/\/kds-nano.de\/wordpress\/wp-json\/wp\/v2\/media\/296"}],"wp:attachment":[{"href":"http:\/\/kds-nano.de\/wordpress\/wp-json\/wp\/v2\/media?parent=297"}],"curies":[{"name":"wp","href":"https:\/\/api.w.org\/{rel}","templated":true}]}}