{"id":221,"date":"2019-02-24T15:58:21","date_gmt":"2019-02-24T14:58:21","guid":{"rendered":"http:\/\/kds-nano.de\/wordpress\/?post_type=product&#038;p=221"},"modified":"2019-03-10T19:48:03","modified_gmt":"2019-03-10T18:48:03","slug":"433mhz-2gang-wandplatte-2","status":"publish","type":"product","link":"https:\/\/kds-nano.de\/wordpress\/produkt\/433mhz-2gang-wandplatte-2\/","title":{"rendered":"433MHz 2gang Wandplatte"},"content":{"rendered":"<p><span style=\"font-size: large;\"><span style=\"font-size: x-large;\">433MHz Fernbedienung 2gang passend zu Sonoff-Schaltern, RF-Bridge u.a. in weiss.<\/span><\/span><\/p>\n<div><span style=\"color: #535353; font-family: Helvetica Neue, Helvetica, Arial, sans-serif; font-size: x-large;\">\u00a0<\/span><\/div>\n<div><span style=\"color: #535353; font-family: Helvetica Neue, Helvetica, Arial, sans-serif; font-size: x-large;\">In diesem Design auch als 1gang und 3gang erh\u00e4ltlich &#8211; bitte anfragen!<br \/>\n<\/span><\/p>\n<div><span style=\"font-size: x-large;\"><br \/>\nMit dieser k\u00f6nnen sie z.B. T1, 4ch Pro, Basic RF oder RF Bridge schalten. Sehr praktisch als T\u00fcrklingel oder Ersatz f\u00fcr Kreuz-\/Wechselschalter in Kombination mit T1 einsetzbar. L\u00e4sst sich dank minimalstem Stromverbrauch mit Lithiumbatterien \u00fcberall flach anbringen.<br \/>\nAuch als Nachttischschalter nutzbar oder steuern sie ihr Licht mobil im Haus damit.<br \/>\nGute Reichweite in Geb\u00e4uden. Geht gut 10m durch mehrere W\u00e4nde (getestet).<\/span><\/div>\n<\/div>\n","protected":false},"excerpt":{"rendered":"<p>433MHz 2gang Wandplatte Wireless RF Fernbedienung, Sender weiss<\/p>\n","protected":false},"featured_media":222,"comment_status":"open","ping_status":"closed","template":"","meta":{"_bbp_topic_count":0,"_bbp_reply_count":0,"_bbp_total_topic_count":0,"_bbp_total_reply_count":0,"_bbp_voice_count":0,"_bbp_anonymous_reply_count":0,"_bbp_topic_count_hidden":0,"_bbp_reply_count_hidden":0,"_bbp_forum_subforum_count":0,"jetpack_post_was_ever_published":false,"jetpack_publicize_message":"","jetpack_is_tweetstorm":false,"jetpack_publicize_feature_enabled":true,"jetpack_social_post_already_shared":true,"jetpack_social_options":{"image_generator_settings":{"template":"highway","enabled":false}}},"jetpack_publicize_connections":[],"jetpack_sharing_enabled":true,"_links":{"self":[{"href":"https:\/\/kds-nano.de\/wordpress\/wp-json\/wp\/v2\/product\/221"}],"collection":[{"href":"https:\/\/kds-nano.de\/wordpress\/wp-json\/wp\/v2\/product"}],"about":[{"href":"https:\/\/kds-nano.de\/wordpress\/wp-json\/wp\/v2\/types\/product"}],"replies":[{"embeddable":true,"href":"https:\/\/kds-nano.de\/wordpress\/wp-json\/wp\/v2\/comments?post=221"}],"wp:featuredmedia":[{"embeddable":true,"href":"https:\/\/kds-nano.de\/wordpress\/wp-json\/wp\/v2\/media\/222"}],"wp:attachment":[{"href":"https:\/\/kds-nano.de\/wordpress\/wp-json\/wp\/v2\/media?parent=221"}],"curies":[{"name":"wp","href":"https:\/\/api.w.org\/{rel}","templated":true}]}}