{"id":233,"date":"2019-02-24T16:28:31","date_gmt":"2019-02-24T15:28:31","guid":{"rendered":"http:\/\/kds-nano.de\/wordpress\/?post_type=product&#038;p=233"},"modified":"2019-03-10T19:44:06","modified_gmt":"2019-03-10T18:44:06","slug":"relais-mit-2-potentialfreien-umschaltern","status":"publish","type":"product","link":"https:\/\/kds-nano.de\/wordpress\/produkt\/relais-mit-2-potentialfreien-umschaltern\/","title":{"rendered":"Relais mit 2 potentialfreien Umschaltern"},"content":{"rendered":"<p><span style=\"font-size: large;\"><span style=\"font-size: x-large;\">Sie erhalten einen neuwertiges WIFI &#8211; Relais-Developementboard mit 2 potentialfreien Umschaltern f\u00fcr 250V\/10A, IP20, mit aktueller Tasmota-Firmware.\u00a0Es enth\u00e4lt f\u00fcr den Anschluss ein Netzteil 90-250V.<\/span><\/span><\/p>\n<div><span style=\"color: #535353; font-family: Helvetica Neue, Helvetica, Arial, sans-serif; font-size: x-large;\">\u00a0<\/span><\/div>\n<div><span style=\"font-family: Helvetica Neue, Helvetica, Arial, sans-serif; font-size: x-large;\"><span style=\"color: #ad001f;\"><span style=\"font-family: Arial;\">Gut geeignet zum Parallelanschluss eines Serienschalters an GPIO 4 und 5.\u00a0<\/span>Auch f\u00fcr Rollladensteuerung selbstverriegelnd konfigurierbar oder als Taster oder mit bestimmter Schaltzeit!<\/span><br \/>\n<\/span><\/p>\n<div><\/div>\n<div><span style=\"font-size: x-large;\">\u00a0<\/span><\/div>\n<div><span style=\"font-size: x-large;\">Sie haben mit dieser Software den Vorteil, da\u00df sie nicht auf den oft ausfallenden Server in Fernost angewiesen sind, mit dem die urspr\u00fcngliche Software l\u00e4uft, sondern sich alles problemlos \u00fcber ihr WLAN abspielt. Au\u00dferdem l\u00e4sst sich TASMOTA wunderbar mit FHEM oder ioBroker nutzen, was sie als Zentrale f\u00fcr ihr smart-home einrichten k\u00f6nnen.<\/span><\/div>\n<div><span style=\"font-size: x-large;\">\u00a0<\/span><\/div>\n<div><b><span style=\"font-size: x-large;\">Ein smartes Home kostet viel Geld? Das war einmal. Heute k\u00f6nnen sie ihr Heim mit ein paar hundert Euro nachr\u00fcsten &#8211; und das ohne W\u00e4nde aufzureissen und Strippen zu ziehen!<\/span><\/b><\/div>\n<div><b><span style=\"font-size: x-large;\">Sie m\u00f6chten ihre Heizung smart steuern &#8211; auch von fern per Handy? Ihre Rolll\u00e4den automatisch bei Sonne schliessen? Schauen, ob alle T\u00fcren und Fenster zu sind? Ihren Stromverbrauch f\u00fcr einzelne Objekte im \u00dcberblick haben?<\/span><\/b><\/div>\n<div><b><span style=\"font-size: x-large;\">\u00a0<\/span><\/b><\/div>\n<div><b><span style=\"font-size: x-large;\">Es gibt viele M\u00f6glichkeiten!<\/span><\/b><\/div>\n<div><span style=\"font-size: x-large;\">\u00a0<\/span><\/div>\n<div>Die Firmware wird aufgespielt und somit mitgeliefert, steht aber unter GPL-3.0 und ist daher nicht Verkaufsgegenstand. Weitere Informationen finden sie bei github unter Tasmota<\/div>\n<\/div>\n","protected":false},"excerpt":{"rendered":"<p>WIFI &#8211; Relais mit 2 potentialfreie<wbr \/>n Umschaltern, Tasmota-Firmwa<wbr \/>re (wie Sonoff)<\/p>\n","protected":false},"featured_media":226,"comment_status":"open","ping_status":"closed","template":"","meta":{"_bbp_topic_count":0,"_bbp_reply_count":0,"_bbp_total_topic_count":0,"_bbp_total_reply_count":0,"_bbp_voice_count":0,"_bbp_anonymous_reply_count":0,"_bbp_topic_count_hidden":0,"_bbp_reply_count_hidden":0,"_bbp_forum_subforum_count":0,"jetpack_post_was_ever_published":false,"jetpack_publicize_message":"","jetpack_is_tweetstorm":false,"jetpack_publicize_feature_enabled":true,"jetpack_social_post_already_shared":true,"jetpack_social_options":{"image_generator_settings":{"template":"highway","enabled":false}}},"jetpack_publicize_connections":[],"jetpack_sharing_enabled":true,"_links":{"self":[{"href":"https:\/\/kds-nano.de\/wordpress\/wp-json\/wp\/v2\/product\/233"}],"collection":[{"href":"https:\/\/kds-nano.de\/wordpress\/wp-json\/wp\/v2\/product"}],"about":[{"href":"https:\/\/kds-nano.de\/wordpress\/wp-json\/wp\/v2\/types\/product"}],"replies":[{"embeddable":true,"href":"https:\/\/kds-nano.de\/wordpress\/wp-json\/wp\/v2\/comments?post=233"}],"wp:featuredmedia":[{"embeddable":true,"href":"https:\/\/kds-nano.de\/wordpress\/wp-json\/wp\/v2\/media\/226"}],"wp:attachment":[{"href":"https:\/\/kds-nano.de\/wordpress\/wp-json\/wp\/v2\/media?parent=233"}],"curies":[{"name":"wp","href":"https:\/\/api.w.org\/{rel}","templated":true}]}}